{"id":116,"date":"2025-05-19T14:16:37","date_gmt":"2025-05-19T12:16:37","guid":{"rendered":"https:\/\/lickabistrica.com\/?post_type=product&#038;p=116"},"modified":"2025-06-02T14:40:41","modified_gmt":"2025-06-02T12:40:41","slug":"rakija-sljivovica-7-godine","status":"publish","type":"product","link":"https:\/\/lickabistrica.com\/index.php\/product\/rakija-sljivovica-7-godine\/","title":{"rendered":"Li\u010dka bistrica &#8211; barrique 7 godina"},"content":{"rendered":"<h2 data-sourcepos=\"3:1-3:58\">Duboka, profinjena, izvanvremenska.<\/h2>\n<p data-sourcepos=\"5:1-5:378\">Sedam godina odle\u017eavanja u ba\u010dvama od slavonskog hrasta dalo je ovoj rakiji iznimnu meko\u0107u, toplinu i slojevitost. Tijekom godina, rakija je polako upijala suptilne arome vanilije, blage za\u010dine i nje\u017ene drvenaste tonove, koje zaokru\u017euju i nadopunjuju prirodnu puno\u0107u li\u010dke bistrice.<\/p>\n<p data-sourcepos=\"5:1-5:378\">Rezultat je rakija tamne boje, ugla\u0111enog tijela i dugotrajnog zavr\u0161etka \u2013 mekana na nepcu, ali sna\u017ena po karakteru. Li\u010dka barrique 7 godina nije pi\u0107e za \u017eurbu. To je rakija za posebne trenutke, za ti\u0161inu i razgovor, za one koji cijene tradiciju preto\u010denu u eleganciju.<\/p>\n","protected":false},"excerpt":{"rendered":"<ul>\n<li>Zapremnina: 0,7 l<\/li>\n<li>odle\u017eavanje: 7 godina u hrastovom buretu<\/li>\n<li>postotak alkohola 40%<\/li>\n<\/ul>\n","protected":false},"featured_media":217,"comment_status":"open","ping_status":"closed","template":"","meta":[],"product_brand":[],"product_cat":[17],"product_tag":[],"class_list":{"0":"post-116","1":"product","2":"type-product","3":"status-publish","4":"has-post-thumbnail","6":"product_cat-rakije","8":"first","9":"outofstock","10":"shipping-taxable","11":"purchasable","12":"product-type-simple"},"_links":{"self":[{"href":"https:\/\/lickabistrica.com\/index.php\/wp-json\/wp\/v2\/product\/116","targetHints":{"allow":["GET"]}}],"collection":[{"href":"https:\/\/lickabistrica.com\/index.php\/wp-json\/wp\/v2\/product"}],"about":[{"href":"https:\/\/lickabistrica.com\/index.php\/wp-json\/wp\/v2\/types\/product"}],"replies":[{"embeddable":true,"href":"https:\/\/lickabistrica.com\/index.php\/wp-json\/wp\/v2\/comments?post=116"}],"wp:featuredmedia":[{"embeddable":true,"href":"https:\/\/lickabistrica.com\/index.php\/wp-json\/wp\/v2\/media\/217"}],"wp:attachment":[{"href":"https:\/\/lickabistrica.com\/index.php\/wp-json\/wp\/v2\/media?parent=116"}],"wp:term":[{"taxonomy":"product_brand","embeddable":true,"href":"https:\/\/lickabistrica.com\/index.php\/wp-json\/wp\/v2\/product_brand?post=116"},{"taxonomy":"product_cat","embeddable":true,"href":"https:\/\/lickabistrica.com\/index.php\/wp-json\/wp\/v2\/product_cat?post=116"},{"taxonomy":"product_tag","embeddable":true,"href":"https:\/\/lickabistrica.com\/index.php\/wp-json\/wp\/v2\/product_tag?post=116"}],"curies":[{"name":"wp","href":"https:\/\/api.w.org\/{rel}","templated":true}]}}