{"id":115,"date":"2025-05-19T13:51:06","date_gmt":"2025-05-19T11:51:06","guid":{"rendered":"https:\/\/lickabistrica.com\/?post_type=product&#038;p=115"},"modified":"2025-06-02T14:55:38","modified_gmt":"2025-06-02T12:55:38","slug":"rakija-sljivovica-3-godine","status":"publish","type":"product","link":"https:\/\/lickabistrica.com\/index.php\/product\/rakija-sljivovica-3-godine\/","title":{"rendered":"Li\u010dka bistrica &#8211; barrique 3 godine"},"content":{"rendered":"<h2 data-sourcepos=\"3:1-3:59\">Zrela, uravnote\u017eena, slojevita.<\/h2>\n<p data-sourcepos=\"5:1-5:410\">Tri godine zrenja u srednje tostiranim barrique ba\u010dvama od slavonskog hrasta daju ovoj rakiji toplinu, puno\u0107u i za\u010dinski karakter. Prirodna vo\u0107nost li\u010dke bistrice skladno se spaja s blagim drvenastim tonovima, dodirom vanilije i mekom zavr\u0161nicom.<\/p>\n<p data-sourcepos=\"5:1-5:410\">Ovo je rakija za one koji vole ravnote\u017eu \u2013 ni premlada ni pretvrda, s izra\u017eenom osobno\u0161\u0107u i dubinom.<\/p>\n","protected":false},"excerpt":{"rendered":"<ul>\n<li>zapremnina: 0,7 l,<\/li>\n<li>odle\u017eavanje: 3 godine u hrastovom buretu,<\/li>\n<li>postotak alkohola 40%<\/li>\n<\/ul>\n","protected":false},"featured_media":215,"comment_status":"open","ping_status":"closed","template":"","meta":[],"product_brand":[],"product_cat":[17],"product_tag":[],"class_list":{"0":"post-115","1":"product","2":"type-product","3":"status-publish","4":"has-post-thumbnail","6":"product_cat-rakije","8":"first","9":"outofstock","10":"shipping-taxable","11":"purchasable","12":"product-type-simple"},"_links":{"self":[{"href":"https:\/\/lickabistrica.com\/index.php\/wp-json\/wp\/v2\/product\/115","targetHints":{"allow":["GET"]}}],"collection":[{"href":"https:\/\/lickabistrica.com\/index.php\/wp-json\/wp\/v2\/product"}],"about":[{"href":"https:\/\/lickabistrica.com\/index.php\/wp-json\/wp\/v2\/types\/product"}],"replies":[{"embeddable":true,"href":"https:\/\/lickabistrica.com\/index.php\/wp-json\/wp\/v2\/comments?post=115"}],"wp:featuredmedia":[{"embeddable":true,"href":"https:\/\/lickabistrica.com\/index.php\/wp-json\/wp\/v2\/media\/215"}],"wp:attachment":[{"href":"https:\/\/lickabistrica.com\/index.php\/wp-json\/wp\/v2\/media?parent=115"}],"wp:term":[{"taxonomy":"product_brand","embeddable":true,"href":"https:\/\/lickabistrica.com\/index.php\/wp-json\/wp\/v2\/product_brand?post=115"},{"taxonomy":"product_cat","embeddable":true,"href":"https:\/\/lickabistrica.com\/index.php\/wp-json\/wp\/v2\/product_cat?post=115"},{"taxonomy":"product_tag","embeddable":true,"href":"https:\/\/lickabistrica.com\/index.php\/wp-json\/wp\/v2\/product_tag?post=115"}],"curies":[{"name":"wp","href":"https:\/\/api.w.org\/{rel}","templated":true}]}}