{"id":103,"date":"2025-05-08T14:56:47","date_gmt":"2025-05-08T14:56:47","guid":{"rendered":"https:\/\/lickabistrica.com\/?post_type=product&#038;p=103"},"modified":"2025-06-02T14:53:47","modified_gmt":"2025-06-02T12:53:47","slug":"rakija-sljiva-0-5","status":"publish","type":"product","link":"https:\/\/lickabistrica.com\/index.php\/product\/rakija-sljiva-0-5\/","title":{"rendered":"Li\u010dka bistrica &#8211; barrique 1 godina"},"content":{"rendered":"<h2>Mlada, svje\u017ea, direktna.<\/h2>\n<p>Na\u0161a jednogodi\u0161nja rakija od li\u010dke bistrice zadr\u017eava izra\u017eenu vo\u0107nost i prirodnu snagu \u0161ljive. Nakon fermentacije, destilat odle\u017eava 12 mjeseci u barrique ba\u010dvama od slavonskog hrasta, koje su blago tostirane kako bi rakiji dale suptilne note drveta i vanilije, bez gubitka svje\u017eine.<\/p>\n<p>Rezultat je rakija \u010dista, mirisna i \u017eiva \u2013 s naglaskom na autenti\u010dnost ploda, ali ve\u0107 oboga\u0107ena mekano\u0161\u0107u koju donosi hrast.<\/p>\n","protected":false},"excerpt":{"rendered":"<ul>\n<li data-sourcepos=\"3:1-3:19\"><strong>Zapremina:<\/strong> 0,7 l,<\/li>\n<li data-sourcepos=\"5:1-5:48\"><strong>Odle\u017eavanje:<\/strong> 1 godina u hrastovim buradima,<\/li>\n<li data-sourcepos=\"5:1-5:48\">Postotak alkohola: 40%,<\/li>\n<li data-sourcepos=\"7:1-7:43\"><strong>Aroma:<\/strong> Zrele \u0161ljive, vanilija, za\u010dini,<\/li>\n<li data-sourcepos=\"8:1-8:79\"><strong>Okus:<\/strong> Gladak, harmoni\u010dan, \u0161ljiva s drvenastim notama i blagom pikantno\u0161\u0107u,<\/li>\n<\/ul>\n","protected":false},"featured_media":214,"comment_status":"open","ping_status":"closed","template":"","meta":[],"product_brand":[],"product_cat":[17],"product_tag":[],"class_list":{"0":"post-103","1":"product","2":"type-product","3":"status-publish","4":"has-post-thumbnail","6":"product_cat-rakije","8":"first","9":"outofstock","10":"shipping-taxable","11":"purchasable","12":"product-type-simple"},"_links":{"self":[{"href":"https:\/\/lickabistrica.com\/index.php\/wp-json\/wp\/v2\/product\/103","targetHints":{"allow":["GET"]}}],"collection":[{"href":"https:\/\/lickabistrica.com\/index.php\/wp-json\/wp\/v2\/product"}],"about":[{"href":"https:\/\/lickabistrica.com\/index.php\/wp-json\/wp\/v2\/types\/product"}],"replies":[{"embeddable":true,"href":"https:\/\/lickabistrica.com\/index.php\/wp-json\/wp\/v2\/comments?post=103"}],"wp:featuredmedia":[{"embeddable":true,"href":"https:\/\/lickabistrica.com\/index.php\/wp-json\/wp\/v2\/media\/214"}],"wp:attachment":[{"href":"https:\/\/lickabistrica.com\/index.php\/wp-json\/wp\/v2\/media?parent=103"}],"wp:term":[{"taxonomy":"product_brand","embeddable":true,"href":"https:\/\/lickabistrica.com\/index.php\/wp-json\/wp\/v2\/product_brand?post=103"},{"taxonomy":"product_cat","embeddable":true,"href":"https:\/\/lickabistrica.com\/index.php\/wp-json\/wp\/v2\/product_cat?post=103"},{"taxonomy":"product_tag","embeddable":true,"href":"https:\/\/lickabistrica.com\/index.php\/wp-json\/wp\/v2\/product_tag?post=103"}],"curies":[{"name":"wp","href":"https:\/\/api.w.org\/{rel}","templated":true}]}}