{"id":201,"date":"2025-05-29T14:16:40","date_gmt":"2025-05-29T12:16:40","guid":{"rendered":"https:\/\/lickabistrica.com\/?page_id=201"},"modified":"2025-05-29T15:24:44","modified_gmt":"2025-05-29T13:24:44","slug":"rakije","status":"publish","type":"page","link":"https:\/\/lickabistrica.com\/index.php\/rakije\/","title":{"rendered":"Rakije"},"content":{"rendered":"<div class=\"wp-block-group alignfull is-style-default has-global-padding is-layout-constrained wp-container-core-group-is-layout-0c9c989a wp-block-group-is-layout-constrained has-background\" style=\"min-height:0vh;margin-top:0;margin-bottom:0;padding-top:var(--wp--preset--spacing--70);padding-right:var(--wp--preset--spacing--40);padding-bottom:var(--wp--preset--spacing--70);padding-left:var(--wp--preset--spacing--40);background-image:url(&apos;https:\/\/lickabistrica.com\/wp-content\/uploads\/2025\/05\/Gemini_Generated_Image_cz4tnlcz4tnlcz4t.jpeg&apos;);background-position:50% 40%;background-size:cover;background-attachment:scroll;\"><div class=\"wp-block-group alignfull has-accent-6-background-color has-background has-global-padding is-layout-constrained wp-container-core-group-is-layout-121f5c54 wp-block-group-is-layout-constrained\" style=\"padding-top:var(--wp--preset--spacing--40);padding-bottom:var(--wp--preset--spacing--40)\"><h1 class=\"wp-block-heading has-text-align-center is-style-default has-accent-1-color has-text-color has-link-color wp-elements-bbf948a5623bf2a24ad348de69722784\" style=\"margin-right:0;margin-left:0;padding-right:0;padding-left:0;font-size:clamp(33.419px, 2.089rem + ((1vw - 3.2px) * 2.606), 60px);\">Rakije<\/h1><\/div><\/div><div class=\"wp-block-group has-global-padding is-layout-constrained wp-block-group-is-layout-constrained\" style=\"padding-top:var(--wp--preset--spacing--60);padding-bottom:var(--wp--preset--spacing--60)\"><blockquote class=\"wp-block-quote is-layout-flow wp-block-quote-is-layout-flow\"><p class=\"has-text-align-left is-style-default has-contrast-color has-text-color has-link-color wp-elements-39e9fcb42535cb768546cf5396ca4654\">U na\u0161oj proizvodnji stapaju se znanje i osje\u0107aj, priroda i vrijeme. Svaka boca koju punimo nosi u sebi ti\u0161inu podruma, snagu \u0161ljive i duh tradicije.<\/p><\/blockquote><\/div><div class=\"wp-block-group alignfull is-style-section-1 has-global-padding is-layout-constrained wp-block-group-is-layout-constrained is-style-section-1--1\" style=\"margin-top:0;margin-bottom:0;padding-top:var(--wp--preset--spacing--80);padding-bottom:var(--wp--preset--spacing--80)\"><div class=\"wp-block-columns alignwide is-layout-flex wp-container-core-columns-is-layout-66fad18a wp-block-columns-is-layout-flex\"><div class=\"wp-block-column is-layout-flow wp-block-column-is-layout-flow\" style=\"padding-right:var(--wp--preset--spacing--50);flex-basis:45%\"><figure class=\"wp-block-image size-full is-resized wp-duotone-191919-ffffff-2\"><img loading=\"lazy\" decoding=\"async\" width=\"755\" height=\"1068\" src=\"https:\/\/lickabistrica.com\/wp-content\/uploads\/2025\/05\/Auric-Wood-conditions.jpg\" alt=\"\" class=\"wp-image-206\" style=\"width:539px;height:auto\" srcset=\"https:\/\/lickabistrica.com\/wp-content\/uploads\/2025\/05\/Auric-Wood-conditions.jpg 755w, https:\/\/lickabistrica.com\/wp-content\/uploads\/2025\/05\/Auric-Wood-conditions-212x300.jpg 212w, https:\/\/lickabistrica.com\/wp-content\/uploads\/2025\/05\/Auric-Wood-conditions-724x1024.jpg 724w, https:\/\/lickabistrica.com\/wp-content\/uploads\/2025\/05\/Auric-Wood-conditions-600x849.jpg 600w\" sizes=\"auto, (max-width: 755px) 100vw, 755px\" \/><\/figure>\n\n<div class=\"wp-block-group has-global-padding is-layout-constrained wp-block-group-is-layout-constrained\" style=\"margin-top:-12vw\"><figure class=\"wp-block-image alignright size-full is-resized\" style=\"margin-right:-5vw;margin-left:-5vw\"><img loading=\"lazy\" decoding=\"async\" width=\"2048\" height=\"2048\" src=\"https:\/\/lickabistrica.com\/wp-content\/uploads\/2025\/05\/Gemini_Generated_Image_cz4tnlcz4tnlcz4t.jpeg\" alt=\"\" class=\"wp-image-170\" style=\"width:440px;height:auto\" srcset=\"https:\/\/lickabistrica.com\/wp-content\/uploads\/2025\/05\/Gemini_Generated_Image_cz4tnlcz4tnlcz4t.jpeg 2048w, https:\/\/lickabistrica.com\/wp-content\/uploads\/2025\/05\/Gemini_Generated_Image_cz4tnlcz4tnlcz4t-300x300.jpeg 300w, https:\/\/lickabistrica.com\/wp-content\/uploads\/2025\/05\/Gemini_Generated_Image_cz4tnlcz4tnlcz4t-1024x1024.jpeg 1024w, https:\/\/lickabistrica.com\/wp-content\/uploads\/2025\/05\/Gemini_Generated_Image_cz4tnlcz4tnlcz4t-150x150.jpeg 150w, https:\/\/lickabistrica.com\/wp-content\/uploads\/2025\/05\/Gemini_Generated_Image_cz4tnlcz4tnlcz4t-768x768.jpeg 768w, https:\/\/lickabistrica.com\/wp-content\/uploads\/2025\/05\/Gemini_Generated_Image_cz4tnlcz4tnlcz4t-1536x1536.jpeg 1536w, https:\/\/lickabistrica.com\/wp-content\/uploads\/2025\/05\/Gemini_Generated_Image_cz4tnlcz4tnlcz4t-600x600.jpeg 600w, https:\/\/lickabistrica.com\/wp-content\/uploads\/2025\/05\/Gemini_Generated_Image_cz4tnlcz4tnlcz4t-100x100.jpeg 100w\" sizes=\"auto, (max-width: 2048px) 100vw, 2048px\" \/><\/figure><\/div><\/div>\n\n<div class=\"wp-block-column is-vertically-aligned-top is-layout-flow wp-block-column-is-layout-flow\" style=\"padding-right:0;padding-left:0;flex-basis:50%\"><div class=\"wp-block-group is-vertical is-layout-flex wp-container-core-group-is-layout-fe9cc265 wp-block-group-is-layout-flex\"><h2 class=\"wp-block-heading is-style-text-display is-style-text-display--3\" style=\"border-bottom-style:none;border-bottom-width:0px\">Majstorstvo proizvodnje i odle\u017eavanja<\/h2><\/div>\n\n<hr class=\"wp-block-separator has-alpha-channel-opacity\"\/>\n\n<p class=\"is-style-default\">Na\u0161u rakiju stvaramo u malim, pa\u017eljivo kontroliranim serijama, s naglaskom na kvalitetu ploda i autenti\u010dnost okusa. Koristimo isklju\u010divo \u0161ljivu sorte li\u010dka bistrica, poznatu po visokom udjelu \u0161e\u0107era i sna\u017enoj aromi. Nakon branja, \u0161ljive se odla\u017eu na prirodnu fermentaciju, kako bi se razvila puna dubina mirisa i okusa potrebna za vrhunski destilat.<\/p>\n\n<p class=\"is-style-default\">Destilaciju provodimo polako i precizno, u kontroliranim uvjetima, kako bismo iz svake \u0161ljive izvukli ono najbolje \u2013 \u010dist, vo\u0107an destilat, sna\u017enog, ali uravnote\u017eenog karaktera.<\/p>\n\n<p class=\"is-style-default\">Rakija zatim odle\u017eava u barrique ba\u010dvama od slavonskog hrasta \u2013 to su posebno izra\u0111ene ba\u010dve manjeg volumena, blago do srednje tostirane iznutra, kako bi postupno otpu\u0161tale note vanilije, za\u010dina i drvenaste topline. Svaka faza zrenja odvija se prirodno, bez dodataka, boja ili umjetnih aroma.<\/p>\n\n<p class=\"is-style-default\">Tijekom godina odle\u017eavanja, Li\u010dka barrique \u0161ljivovica razvija tamnu boju, duboku strukturu i puninu. To je rakija koju se ne pije \u2013 ve\u0107 do\u017eivljava.<\/p>\n\n<p class=\"is-style-default\"><\/p>\n\n<p class=\"is-style-text-subtitle is-style-text-subtitle--4\"><\/p><\/div><\/div><\/div><div class=\"wp-block-group alignfull has-global-padding is-content-justification-center is-layout-constrained wp-container-core-group-is-layout-df757ecc wp-block-group-is-layout-constrained\" style=\"margin-top:0;margin-bottom:0;padding-top:calc( 0.5 * var(--wp--style--root--padding-right, var(--wp--custom--gap--horizontal)));padding-right:var(--wp--style--root--padding-right, var(--wp--custom--gap--horizontal));padding-bottom:calc( 0.5 * var(--wp--style--root--padding-right, var(--wp--custom--gap--horizontal)));padding-left:var(--wp--style--root--padding-left, var(--wp--custom--gap--horizontal))\"><div style=\"height:calc( 0.25 * var(--wp--style--root--padding-right, var(--wp--custom--gap--horizontal)))\" aria-hidden=\"true\" class=\"wp-block-spacer\"><\/div>\n\n<div class=\"wp-block-columns alignwide is-layout-flex wp-container-core-columns-is-layout-28f84493 wp-block-columns-is-layout-flex\"><div class=\"wp-block-column is-vertically-aligned-center is-layout-flow wp-block-column-is-layout-flow\"><p class=\"has-contrast-color has-text-color\" style=\"margin-top:0;margin-right:0;margin-bottom:0;margin-left:0;font-size:clamp(14px, 0.875rem + ((1vw - 3.2px) * 0.392), 18px);\"><strong>Mlada, svje\u017ea, direktna<\/strong><\/p>\n\n<h3 class=\"wp-block-heading has-contrast-color has-text-color\" style=\"font-size:clamp(27.894px, 1.743rem + ((1vw - 3.2px) * 1.971), 48px);\">Li\u010dka bistrica &#8211; barrique 1 godina<\/h3>\n\n<hr class=\"wp-block-separator has-alpha-channel-opacity is-style-default\" style=\"margin-top:var(--wp--preset--spacing--20);margin-bottom:var(--wp--preset--spacing--20)\"\/>\n\n<p class=\"has-contrast-color has-text-color has-medium-font-size\" style=\"margin-top:0;margin-right:0;margin-bottom:0;margin-left:0\">Na\u0161a jednogodi\u0161nja rakija od li\u010dke bistrice zadr\u017eava izra\u017eenu vo\u0107nost i prirodnu snagu \u0161ljive. Nakon fermentacije, destilat odle\u017eava 12 mjeseci u barrique ba\u010dvama od slavonskog hrasta, koje su blago tostirane kako bi rakiji dale suptilne note drveta i vanilije, bez gubitka svje\u017eine. Rezultat je rakija \u010dista, mirisna i \u017eiva \u2013 s naglaskom na autenti\u010dnost ploda, ali ve\u0107 oboga\u0107ena mekano\u0161\u0107u koju donosi hrast.<\/p>\n\n<p class=\"has-contrast-color has-text-color\" style=\"margin-top:0;margin-right:0;margin-bottom:0;margin-left:0;font-size:clamp(15.747px, 0.984rem + ((1vw - 3.2px) * 0.809), 24px);\"><\/p>\n\n<div class=\"wp-block-buttons is-layout-flex wp-container-core-buttons-is-layout-27eaf71a wp-block-buttons-is-layout-flex\" style=\"margin-top:20px;margin-bottom:0\"><div class=\"wp-block-button is-style-fill\"><a class=\"wp-block-button__link has-custom-font-size wp-element-button\" href=\"https:\/\/lickabistrica.com\/index.php\/product\/rakija-sljiva-0-5\/\" style=\"border-style:none;border-width:0px;font-size:clamp(14px, 0.875rem + ((1vw - 3.2px) * 0.196), 16px);\">Idi na proizvod<\/a><\/div><\/div><\/div>\n\n<div class=\"wp-block-column is-vertically-aligned-center is-layout-flow wp-block-column-is-layout-flow\"><figure class=\"wp-block-image size-full is-resized\"><img loading=\"lazy\" decoding=\"async\" width=\"1024\" height=\"1536\" src=\"https:\/\/lickabistrica.com\/wp-content\/uploads\/2025\/05\/Dizajn-boce-1-godinu.png\" alt=\"\" class=\"wp-image-214\" style=\"width:380px\" srcset=\"https:\/\/lickabistrica.com\/wp-content\/uploads\/2025\/05\/Dizajn-boce-1-godinu.png 1024w, https:\/\/lickabistrica.com\/wp-content\/uploads\/2025\/05\/Dizajn-boce-1-godinu-200x300.png 200w\" sizes=\"auto, (max-width: 1024px) 100vw, 1024px\" \/><\/figure><\/div><\/div>\n\n<div style=\"height:calc( 0.25 * var(--wp--style--root--padding-right, var(--wp--custom--gap--horizontal)))\" aria-hidden=\"true\" class=\"wp-block-spacer\"><\/div><\/div><div class=\"wp-block-group alignfull has-accent-5-background-color has-background has-global-padding is-content-justification-center is-layout-constrained wp-container-core-group-is-layout-df757ecc wp-block-group-is-layout-constrained\" style=\"margin-top:0;margin-bottom:0;padding-top:calc( 0.5 * var(--wp--style--root--padding-right, var(--wp--custom--gap--horizontal)));padding-right:var(--wp--style--root--padding-right, var(--wp--custom--gap--horizontal));padding-bottom:calc( 0.5 * var(--wp--style--root--padding-right, var(--wp--custom--gap--horizontal)));padding-left:var(--wp--style--root--padding-left, var(--wp--custom--gap--horizontal))\"><div style=\"height:calc( 0.25 * var(--wp--style--root--padding-right, var(--wp--custom--gap--horizontal)))\" aria-hidden=\"true\" class=\"wp-block-spacer\"><\/div>\n\n<div class=\"wp-block-columns alignwide is-layout-flex wp-container-core-columns-is-layout-28f84493 wp-block-columns-is-layout-flex\"><div class=\"wp-block-column is-vertically-aligned-center is-layout-flow wp-block-column-is-layout-flow\"><p class=\"has-contrast-color has-text-color\" style=\"margin-top:0;margin-right:0;margin-bottom:0;margin-left:0;font-size:clamp(14px, 0.875rem + ((1vw - 3.2px) * 0.392), 18px);\"><strong>Zrela, uravnote\u017eena, slojevita.<\/strong><\/p>\n\n<h3 class=\"wp-block-heading has-contrast-color has-text-color\" style=\"font-size:clamp(27.894px, 1.743rem + ((1vw - 3.2px) * 1.971), 48px);\">Li\u010dka bistrica &#8211; barrique 3 godine<\/h3>\n\n<hr class=\"wp-block-separator has-alpha-channel-opacity is-style-default\" style=\"margin-top:var(--wp--preset--spacing--20);margin-bottom:var(--wp--preset--spacing--20)\"\/>\n\n<p class=\"has-contrast-color has-text-color has-medium-font-size\" style=\"margin-top:0;margin-right:0;margin-bottom:0;margin-left:0\">Tri godine zrenja u srednje tostiranim barrique ba\u010dvama od slavonskog hrasta daju ovoj rakiji toplinu, puno\u0107u i za\u010dinski karakter. Prirodna vo\u0107nost li\u010dke bistrice skladno se spaja s blagim drvenastim tonovima, dodirom vanilije i mekom zavr\u0161nicom. Ovo je rakija za one koji vole ravnote\u017eu \u2013 ni premlada ni pretvrda, s izra\u017eenom osobno\u0161\u0107u i dubinom.<\/p>\n\n<p class=\"has-contrast-color has-text-color\" style=\"margin-top:0;margin-right:0;margin-bottom:0;margin-left:0;font-size:clamp(15.747px, 0.984rem + ((1vw - 3.2px) * 0.809), 24px);\"><\/p>\n\n<div class=\"wp-block-buttons is-layout-flex wp-container-core-buttons-is-layout-27eaf71a wp-block-buttons-is-layout-flex\" style=\"margin-top:20px;margin-bottom:0\"><div class=\"wp-block-button is-style-fill\"><a class=\"wp-block-button__link has-custom-font-size wp-element-button\" href=\"https:\/\/lickabistrica.com\/index.php\/product\/rakija-sljivovica-3-godine\/\" style=\"border-style:none;border-width:0px;font-size:clamp(14px, 0.875rem + ((1vw - 3.2px) * 0.196), 16px);\">Idi na proizvod<\/a><\/div><\/div><\/div>\n\n<div class=\"wp-block-column is-vertically-aligned-center is-layout-flow wp-block-column-is-layout-flow\"><figure class=\"wp-block-image size-full is-resized\"><img loading=\"lazy\" decoding=\"async\" width=\"1024\" height=\"1536\" src=\"https:\/\/lickabistrica.com\/wp-content\/uploads\/2025\/05\/Dizajn-boce-3-godine.png\" alt=\"\" class=\"wp-image-215\" style=\"width:380px\" srcset=\"https:\/\/lickabistrica.com\/wp-content\/uploads\/2025\/05\/Dizajn-boce-3-godine.png 1024w, https:\/\/lickabistrica.com\/wp-content\/uploads\/2025\/05\/Dizajn-boce-3-godine-200x300.png 200w\" sizes=\"auto, (max-width: 1024px) 100vw, 1024px\" \/><\/figure><\/div><\/div>\n\n<div style=\"height:calc( 0.25 * var(--wp--style--root--padding-right, var(--wp--custom--gap--horizontal)))\" aria-hidden=\"true\" class=\"wp-block-spacer\"><\/div><\/div><div class=\"wp-block-group alignfull has-global-padding is-content-justification-center is-layout-constrained wp-container-core-group-is-layout-df757ecc wp-block-group-is-layout-constrained\" style=\"margin-top:0;margin-bottom:0;padding-top:calc( 0.5 * var(--wp--style--root--padding-right, var(--wp--custom--gap--horizontal)));padding-right:var(--wp--style--root--padding-right, var(--wp--custom--gap--horizontal));padding-bottom:calc( 0.5 * var(--wp--style--root--padding-right, var(--wp--custom--gap--horizontal)));padding-left:var(--wp--style--root--padding-left, var(--wp--custom--gap--horizontal))\"><div style=\"height:calc( 0.25 * var(--wp--style--root--padding-right, var(--wp--custom--gap--horizontal)))\" aria-hidden=\"true\" class=\"wp-block-spacer\"><\/div>\n\n<div class=\"wp-block-columns alignwide is-layout-flex wp-container-core-columns-is-layout-28f84493 wp-block-columns-is-layout-flex\"><div class=\"wp-block-column is-vertically-aligned-center is-layout-flow wp-block-column-is-layout-flow\"><p class=\"has-contrast-color has-text-color\" style=\"margin-top:0;margin-right:0;margin-bottom:0;margin-left:0;font-size:clamp(14px, 0.875rem + ((1vw - 3.2px) * 0.392), 18px);\"><strong>Duboka, profinjena, izvanvremenska.<\/strong><\/p>\n\n<h3 class=\"wp-block-heading has-contrast-color has-text-color\" style=\"font-size:clamp(27.894px, 1.743rem + ((1vw - 3.2px) * 1.971), 48px);\">Li\u010dka bistrica &#8211; barrique 7 godina<\/h3>\n\n<hr class=\"wp-block-separator has-alpha-channel-opacity is-style-default\" style=\"margin-top:var(--wp--preset--spacing--20);margin-bottom:var(--wp--preset--spacing--20)\"\/>\n\n<p class=\"has-contrast-color has-text-color has-medium-font-size\" style=\"margin-top:0;margin-right:0;margin-bottom:0;margin-left:0\">Sedam godina odle\u017eavanja u ba\u010dvama od slavonskog hrasta dalo je ovoj rakiji iznimnu meko\u0107u, toplinu i slojevitost. Tijekom godina, rakija je polako upijala suptilne arome vanilije, blage za\u010dine i nje\u017ene drvenaste tonove, koje zaokru\u017euju i nadopunjuju prirodnu puno\u0107u li\u010dke bistrice. Rezultat je rakija tamne boje, ugla\u0111enog tijela i dugotrajnog zavr\u0161etka \u2013 mekana na nepcu, ali sna\u017ena po karakteru. Li\u010dka barrique 7 godina nije pi\u0107e za \u017eurbu. To je rakija za posebne trenutke, za ti\u0161inu i razgovor, za one koji cijene tradiciju preto\u010denu u eleganciju.<\/p>\n\n<p class=\"has-contrast-color has-text-color\" style=\"margin-top:0;margin-right:0;margin-bottom:0;margin-left:0;font-size:clamp(15.747px, 0.984rem + ((1vw - 3.2px) * 0.809), 24px);\"><\/p>\n\n<div class=\"wp-block-buttons is-layout-flex wp-container-core-buttons-is-layout-27eaf71a wp-block-buttons-is-layout-flex\" style=\"margin-top:20px;margin-bottom:0\"><div class=\"wp-block-button is-style-fill\"><a class=\"wp-block-button__link has-custom-font-size wp-element-button\" href=\"https:\/\/lickabistrica.com\/index.php\/product\/rakija-sljivovica-7-godine\/\" style=\"border-style:none;border-width:0px;font-size:clamp(14px, 0.875rem + ((1vw - 3.2px) * 0.196), 16px);\">Idi na proizvod<\/a><\/div><\/div><\/div>\n\n<div class=\"wp-block-column is-vertically-aligned-center is-layout-flow wp-block-column-is-layout-flow\"><figure class=\"wp-block-image size-full is-resized\"><img loading=\"lazy\" decoding=\"async\" width=\"1024\" height=\"1536\" src=\"https:\/\/lickabistrica.com\/wp-content\/uploads\/2025\/05\/Dizajn-boce-7-godina.png\" alt=\"\" class=\"wp-image-217\" style=\"width:380px\" srcset=\"https:\/\/lickabistrica.com\/wp-content\/uploads\/2025\/05\/Dizajn-boce-7-godina.png 1024w, https:\/\/lickabistrica.com\/wp-content\/uploads\/2025\/05\/Dizajn-boce-7-godina-200x300.png 200w, https:\/\/lickabistrica.com\/wp-content\/uploads\/2025\/05\/Dizajn-boce-7-godina-683x1024.png 683w\" sizes=\"auto, (max-width: 1024px) 100vw, 1024px\" \/><\/figure><\/div><\/div>\n\n<div style=\"height:calc( 0.25 * var(--wp--style--root--padding-right, var(--wp--custom--gap--horizontal)))\" aria-hidden=\"true\" class=\"wp-block-spacer\"><\/div><\/div><p><\/p>","protected":false},"excerpt":{"rendered":"<p>Rakije U na\u0161oj proizvodnji stapaju se znanje i osje\u0107aj, priroda i vrijeme. Svaka boca koju punimo nosi u sebi ti\u0161inu podruma, snagu \u0161ljive i duh tradicije. Majstorstvo proizvodnje i odle\u017eavanja Na\u0161u rakiju stvaramo u malim, pa\u017eljivo kontroliranim serijama, s naglaskom na kvalitetu ploda i autenti\u010dnost okusa. Koristimo isklju\u010divo \u0161ljivu sorte li\u010dka bistrica, poznatu po visokom [&hellip;]<\/p>\n","protected":false},"author":1,"featured_media":0,"parent":0,"menu_order":0,"comment_status":"closed","ping_status":"closed","template":"page-no-title","meta":{"footnotes":""},"class_list":["post-201","page","type-page","status-publish","hentry"],"_links":{"self":[{"href":"https:\/\/lickabistrica.com\/index.php\/wp-json\/wp\/v2\/pages\/201","targetHints":{"allow":["GET"]}}],"collection":[{"href":"https:\/\/lickabistrica.com\/index.php\/wp-json\/wp\/v2\/pages"}],"about":[{"href":"https:\/\/lickabistrica.com\/index.php\/wp-json\/wp\/v2\/types\/page"}],"author":[{"embeddable":true,"href":"https:\/\/lickabistrica.com\/index.php\/wp-json\/wp\/v2\/users\/1"}],"replies":[{"embeddable":true,"href":"https:\/\/lickabistrica.com\/index.php\/wp-json\/wp\/v2\/comments?post=201"}],"version-history":[{"count":12,"href":"https:\/\/lickabistrica.com\/index.php\/wp-json\/wp\/v2\/pages\/201\/revisions"}],"predecessor-version":[{"id":221,"href":"https:\/\/lickabistrica.com\/index.php\/wp-json\/wp\/v2\/pages\/201\/revisions\/221"}],"wp:attachment":[{"href":"https:\/\/lickabistrica.com\/index.php\/wp-json\/wp\/v2\/media?parent=201"}],"curies":[{"name":"wp","href":"https:\/\/api.w.org\/{rel}","templated":true}]}}