{"id":152,"date":"2025-05-20T12:36:14","date_gmt":"2025-05-20T10:36:14","guid":{"rendered":"https:\/\/lickabistrica.com\/?page_id=152"},"modified":"2025-06-02T14:13:34","modified_gmt":"2025-06-02T12:13:34","slug":"o-nama","status":"publish","type":"page","link":"https:\/\/lickabistrica.com\/index.php\/o-nama\/","title":{"rendered":"O nama"},"content":{"rendered":"<div class=\"wp-block-cover alignfull has-accent-1-color has-text-color has-link-color wp-elements-c2e8766a965f6649a5b699d4ef9173ec\" style=\"margin-top:0px;margin-bottom:0px;padding-top:200px;padding-right:var(--wp--preset--spacing--50);padding-bottom:200px;padding-left:var(--wp--preset--spacing--50);min-height:408px;aspect-ratio:unset;\"><img loading=\"lazy\" decoding=\"async\" width=\"1024\" height=\"1024\" class=\"wp-block-cover__image-background wp-image-166 size-large\" alt=\"\" src=\"https:\/\/lickabistrica.com\/wp-content\/uploads\/2025\/05\/Gemini_Generated_Image_g79x7xg79x7xg79x-1024x1024.jpeg\" data-object-fit=\"cover\" srcset=\"https:\/\/lickabistrica.com\/wp-content\/uploads\/2025\/05\/Gemini_Generated_Image_g79x7xg79x7xg79x-1024x1024.jpeg 1024w, https:\/\/lickabistrica.com\/wp-content\/uploads\/2025\/05\/Gemini_Generated_Image_g79x7xg79x7xg79x-300x300.jpeg 300w, https:\/\/lickabistrica.com\/wp-content\/uploads\/2025\/05\/Gemini_Generated_Image_g79x7xg79x7xg79x-150x150.jpeg 150w, https:\/\/lickabistrica.com\/wp-content\/uploads\/2025\/05\/Gemini_Generated_Image_g79x7xg79x7xg79x-768x768.jpeg 768w, https:\/\/lickabistrica.com\/wp-content\/uploads\/2025\/05\/Gemini_Generated_Image_g79x7xg79x7xg79x-1536x1536.jpeg 1536w, https:\/\/lickabistrica.com\/wp-content\/uploads\/2025\/05\/Gemini_Generated_Image_g79x7xg79x7xg79x-600x600.jpeg 600w, https:\/\/lickabistrica.com\/wp-content\/uploads\/2025\/05\/Gemini_Generated_Image_g79x7xg79x7xg79x-100x100.jpeg 100w, https:\/\/lickabistrica.com\/wp-content\/uploads\/2025\/05\/Gemini_Generated_Image_g79x7xg79x7xg79x.jpeg 2048w\" sizes=\"auto, (max-width: 1024px) 100vw, 1024px\" \/><span aria-hidden=\"true\" class=\"wp-block-cover__background has-accent-2-background-color has-background-dim\"><\/span><div class=\"wp-block-cover__inner-container has-global-padding is-layout-constrained wp-container-core-cover-is-layout-d7fed90a wp-block-cover-is-layout-constrained\"><h1 class=\"wp-block-heading has-text-align-center has-xx-large-font-size\">Destilerija &#8211; Li\u010dka bistrica<\/h1><\/div><\/div><div class=\"wp-block-group alignfull is-style-section-2 has-global-padding is-layout-constrained wp-block-group-is-layout-constrained is-style-section-2--1\" style=\"margin-top:0;margin-bottom:0;padding-top:var(--wp--preset--spacing--50);padding-bottom:var(--wp--preset--spacing--50)\"><div class=\"wp-block-columns alignwide is-layout-flex wp-container-core-columns-is-layout-47c06fe3 wp-block-columns-is-layout-flex\"><div class=\"wp-block-column is-layout-flow wp-block-column-is-layout-flow\" style=\"flex-basis:56%\"><figure class=\"wp-block-image size-full is-resized\"><img decoding=\"async\" src=\"https:\/\/lickabistrica.com\/wp-content\/uploads\/2025\/05\/1000021872.jpg\" alt=\"\" class=\"wp-image-196\" style=\"aspect-ratio:16\/9;object-fit:cover;width:689px;height:auto\"\/><\/figure><\/div>\n\n<div class=\"wp-block-column is-vertically-aligned-center is-layout-flow wp-container-core-column-is-layout-119bc444 wp-block-column-is-layout-flow\"><blockquote class=\"wp-block-quote alignwide has-text-align-left is-style-default has-accent-1-color has-text-color has-link-color wp-elements-81f262e6d05dce96846b132126faf581 is-layout-flow wp-block-quote-is-layout-flow\"><p class=\"has-accent-1-color has-text-color has-link-color wp-elements-6ee042043db1257ba7cce22aebd37031\">Prema rije\u010dima na\u0161eg pokojnog djeda, prva rakija u na\u0161oj ku\u0107i ispe\u010dena je 1958. godine, na starom kazanu i stavljena na odle\u017eavanje u ba\u010dvu od 50 litara koju je sam izradio. \u0160ljive su bile iz starog obiteljskog vo\u0107njaka, za koji se vi\u0161e ni sam nije mogao sjetiti kada je posa\u0111en \u2013 a koji danas, na\u017ealost, vi\u0161e ne postoji.<\/p><\/blockquote><\/div><\/div><\/div><p>No, tradicija se\u017ee jo\u0161 dublje. Pokojni djed je \u010desto pri\u010dao kako su i njegov otac, kao i njegov djed prije njega, uzgajali \u0161ljive i pekli rakiju. Od njih je i on nau\u010dio zanat, kojeg je kasnije prenio na nas. \u0160to je bilo prije toga \u2013 ne znamo sa sigurno\u0161\u0107u. Mo\u017eda je zapisano u nekoj staroj knjizi, arhivi, mo\u017eda izgubljeno u sje\u0107anjima. Ali jedno znamo: ovo je stoljetna obiteljska tradicija.<\/p><p>Od kasnih 1950-ih, rakija se u na\u0161oj ku\u0107i kontinuirano proizvodila za vlastite potrebe, rodbinu i prijatelje. Sredinom 1980-ih, djed je zajedno sa svojim sinovima odlu\u010dio zasaditi nove vo\u0107njake sorte li\u010dka bistrica, koji su neprocjenjive vrijednosti i koji i danas ostaju u obiteljskom vlasni\u0161tvu.<\/p><p>Ti stari nasadi, ukupne povr\u0161ine oko 0,60 hektara, pa\u017eljivo se odr\u017eavaju tradicionalnim metodama \u2013 bez pesticida i mineralnih gnojiva. Upravo su ti vo\u0107njaci danas okosnica na\u0161e proizvodnje i simbol dugogodi\u0161nje povezanosti na\u0161e obitelji s vo\u0107arstvom i prirodom.<\/p><div style=\"height:100px\" aria-hidden=\"true\" class=\"wp-block-spacer\"><\/div><div class=\"wp-block-group alignfull is-style-section-1 has-global-padding is-layout-constrained wp-block-group-is-layout-constrained is-style-section-1--2\" style=\"margin-top:0;margin-bottom:0;padding-top:var(--wp--preset--spacing--80);padding-bottom:var(--wp--preset--spacing--80)\"><div class=\"wp-block-columns alignwide is-layout-flex wp-container-core-columns-is-layout-66fad18a wp-block-columns-is-layout-flex\"><div class=\"wp-block-column is-layout-flow wp-block-column-is-layout-flow\" style=\"padding-right:var(--wp--preset--spacing--50);flex-basis:45%\"><figure class=\"wp-block-image size-full wp-duotone-191919-f1eee9-3\"><img loading=\"lazy\" decoding=\"async\" width=\"1599\" height=\"899\" src=\"https:\/\/lickabistrica.com\/wp-content\/uploads\/2025\/05\/IMG-20250502-WA0012.jpg\" alt=\"\" class=\"wp-image-197\" style=\"aspect-ratio:2\/3;object-fit:cover\" srcset=\"https:\/\/lickabistrica.com\/wp-content\/uploads\/2025\/05\/IMG-20250502-WA0012.jpg 1599w, https:\/\/lickabistrica.com\/wp-content\/uploads\/2025\/05\/IMG-20250502-WA0012-300x169.jpg 300w, https:\/\/lickabistrica.com\/wp-content\/uploads\/2025\/05\/IMG-20250502-WA0012-1024x576.jpg 1024w, https:\/\/lickabistrica.com\/wp-content\/uploads\/2025\/05\/IMG-20250502-WA0012-768x432.jpg 768w, https:\/\/lickabistrica.com\/wp-content\/uploads\/2025\/05\/IMG-20250502-WA0012-1536x864.jpg 1536w, https:\/\/lickabistrica.com\/wp-content\/uploads\/2025\/05\/IMG-20250502-WA0012-600x337.jpg 600w\" sizes=\"auto, (max-width: 1599px) 100vw, 1599px\" \/><\/figure>\n\n<div class=\"wp-block-group has-global-padding is-layout-constrained wp-block-group-is-layout-constrained\" style=\"margin-top:-12vw\"><\/div><\/div>\n\n<div class=\"wp-block-column is-vertically-aligned-center is-layout-flow wp-block-column-is-layout-flow\" style=\"padding-right:0;padding-left:0;flex-basis:50%\"><div class=\"wp-block-group is-vertical is-layout-flex wp-container-core-group-is-layout-fe9cc265 wp-block-group-is-layout-flex\"><h2 class=\"wp-block-heading is-style-text-display is-style-text-display--4\">Na\u0161i vo\u0107njaci \u2013 srce na\u0161e rakije<\/h2><\/div>\n\n<hr class=\"wp-block-separator has-alpha-channel-opacity\"\/>\n\n<p class=\"is-style-default\"> Vo\u0107e je temelj svake dobre rakije, a za nas to nije samo sirovina \u2013 to je \u017eiva zemlja koju njegujemo generacijama.<br>U na\u0161oj proizvodnji oslanjamo se prvenstveno na autohtonu sortu \u0161ljive \u2013 li\u010dku bistricu, poznatu i pod imenima po\u017eega\u010da, mad\u017earka, plava \u0161ljiva\u2026<\/p>\n\n<p>Rije\u010d je o jednoj od najkvalitetnijih rakijskih sorti, s izuzetno visokim udjelom prirodnih \u0161e\u0107era, \u0161to je \u010dini idealnom za proizvodnju rakije vrhunske arome i snage. Znatno je superiornija od komercijalnih planta\u017enih sorti poput \u010ca\u010danske rodne ili Stanley \u0161ljive, koje su ra\u0161irenije, ali ne mogu dati rakiju iste kvalitete.<\/p>\n\n<p>Na\u017ealost, uzgoj novih nasada li\u010dke bistrice danas gotovo da nije mogu\u0107, jer nije otporna na virus \u0161arke \u0161ljive. Dok mlada stabla brzo propadaju, stara, izrasla stabla i dalje odolijevaju bolesti \u2013 i upravo zato su na\u0161i nasadi posebni, rijetki i neponovljivi.<\/p>\n\n<p>Danas imamo ukupno 1 hektar starih vo\u0107njaka li\u010dke bistrice \u2013 0,6 ha koje je zasadio na\u0161 djed sredinom 1980-ih, te 0,4 ha starih vo\u0107njaka koje smo naknadno kupili kako bismo o\u010duvali ovu vrijednu sortu.<\/p>\n\n<p>Vo\u0107njaci se uzgajaju bez pesticida i mineralnih gnojiva, u skladu s prirodom. Od 2023. godine pro\u0161irili smo proizvodnju i zasadili 0,6 ha novih nasada sorti \u010ca\u010danska rodna i \u010ca\u010danska lepotica, koje \u0107e na rod do\u0107i 2027. godine.<\/p>\n\n<p>Ovi vo\u0107njaci \u2013 stari, rijetki i prirodni \u2013 predstavljaju spoj tradicije, znanja i otpornosti. Oni su temelj autenti\u010dnosti na\u0161e rakije, koja se ne mo\u017ee stvoriti bilo gdje, ni s bilo kojom \u0161ljivom.<\/p><\/div><\/div><\/div><div style=\"height:100px\" aria-hidden=\"true\" class=\"wp-block-spacer\"><\/div><div data-wp-context=\"{&quot;notices&quot;:[],&quot;collection&quot;:&quot;woocommerce\\\/product-collection\\\/hand-picked&quot;}\" data-wp-init=\"callbacks.onRender\" data-wp-interactive=\"woocommerce\/product-collection\" data-wp-router-region=\"wc-product-collection-0\" data-__private-preview-state=\"{&quot;isPreview&quot;:false,&quot;previewMessage&quot;:&quot;Actual products will vary depending on the page being viewed.&quot;}\" data-block-name=\"woocommerce\/product-collection\" data-collection=\"woocommerce\/product-collection\/hand-picked\" data-dimensions=\"{&quot;widthType&quot;:&quot;fill&quot;}\" data-display-layout=\"{&quot;type&quot;:&quot;flex&quot;,&quot;columns&quot;:3,&quot;shrinkColumns&quot;:true}\" data-hide-controls=\"[&quot;inherit&quot;,&quot;hand-picked&quot;,&quot;filterable&quot;,&quot;order&quot;]\" data-query-context-includes=\"[&quot;collection&quot;]\" data-query-id=\"0\" data-query=\"{&quot;perPage&quot;:9,&quot;pages&quot;:0,&quot;offset&quot;:0,&quot;postType&quot;:&quot;product&quot;,&quot;order&quot;:&quot;asc&quot;,&quot;orderBy&quot;:&quot;post__in&quot;,&quot;search&quot;:&quot;&quot;,&quot;exclude&quot;:[],&quot;inherit&quot;:false,&quot;taxQuery&quot;:[],&quot;isProductCollectionBlock&quot;:true,&quot;featured&quot;:false,&quot;woocommerceOnSale&quot;:false,&quot;woocommerceStockStatus&quot;:[&quot;instock&quot;,&quot;outofstock&quot;,&quot;onbackorder&quot;],&quot;woocommerceAttributes&quot;:[],&quot;woocommerceHandPickedProducts&quot;:[&quot;103&quot;,&quot;115&quot;,&quot;116&quot;],&quot;filterable&quot;:false,&quot;relatedBy&quot;:{&quot;categories&quot;:true,&quot;tags&quot;:true}}\" data-tag-name=\"div\" class=\"wp-block-woocommerce-product-collection alignwide is-layout-flow wp-block-woocommerce-product-collection-is-layout-flow\">\t\t<div data-wp-interactive=\"woocommerce\/store-notices\" class=\"wc-block-components-notices alignwide\">\n\t\t\t<template data-wp-each--notice=\"state.notices\" data-wp-each-key=\"context.notice.id\">\n\t\t\t\t<div\n\t\t\t\t\tclass=\"wc-block-components-notice-banner\"\n\t\t\t\t\tdata-wp-init=\"callbacks.scrollIntoView\"\n\t\t\t\t\tdata-wp-class--is-error=\"state.isError\"\n\t\t\t\t\tdata-wp-class--is-success =\"state.isSuccess\"\n\t\t\t\t\tdata-wp-class--is-info=\"state.isInfo\"\n\t\t\t\t\tdata-wp-class--is-dismissible=\"context.notice.dismissible\"\n\t\t\t\t\tdata-wp-bind--role=\"state.role\"\n\t\t\t\t>\n\t\t\t\t\t<svg xmlns=\"http:\/\/www.w3.org\/2000\/svg\" viewBox=\"0 0 24 24\" width=\"24\" height=\"24\" aria-hidden=\"true\" focusable=\"false\">\n\t\t\t\t\t\t<path data-wp-bind--d=\"state.iconPath\"><\/path>\n\t\t\t\t\t<\/svg>\n\t\t\t\t\t<div class=\"wc-block-components-notice-banner__content\">\n\t\t\t\t\t\t<span data-wp-init=\"callbacks.renderNoticeContent\"><\/span>\n\t\t\t\t\t<\/div>\n\t\t\t\t\t<button\n\t\t\t\t\t\tdata-wp-bind--hidden=\"!context.notice.dismissible\"\n\t\t\t\t\t\tclass=\"wc-block-components-button wp-element-button wc-block-components-notice-banner__dismiss contained\"\n\t\t\t\t\t\taria-label=\"Zatvori ovu obavijest \"\n\t\t\t\t\t\tdata-wp-on--click=\"actions.removeNotice\"\n\t\t\t\t\t>\n\t\t\t\t\t\t<svg xmlns=\"http:\/\/www.w3.org\/2000\/svg\" viewBox=\"0 0 24 24\">\n\t\t\t\t\t\t\t<path d=\"M13 11.8l6.1-6.3-1-1-6.1 6.2-6.1-6.2-1 1 6.1 6.3-6.5 6.7 1 1 6.5-6.6 6.5 6.6 1-1z\" \/>\n\t\t\t\t\t\t<\/svg>\n\t\t\t\t\t<\/button>\n\t\t\t\t<\/div>\n\t\t\t<\/template>\n\t\t<\/div>\n\t\t<h2 class=\"wp-block-heading has-text-align-center\" style=\"margin-bottom:1rem\">Na\u0161e Rakije<\/h2>\n\n<hr class=\"wp-block-separator has-alpha-channel-opacity\"\/>\n\n<ul class=\"wc-block-product-template__responsive columns-3 wc-block-product-template wp-block-woocommerce-product-template\"><li class=\"wc-block-product post-103 product type-product status-publish has-post-thumbnail product_cat-rakije first outofstock shipping-taxable purchasable product-type-simple\"\n\t\t\t\t\t\n\t\t\t\tdata-wp-interactive=\"woocommerce\/product-collection\"\n\t\t\t\tdata-wp-context='{\"productId\":103}'\n\t\t\t\tdata-wp-key=\"product-item-103\"\n\t\t\t\n\t\t\t\t>\n\t\t\t\t\t<div data-block-name=\"woocommerce\/product-image\" data-image-sizing=\"thumbnail\" data-is-descendent-of-query-loop=\"true\" class=\"wc-block-components-product-image wc-block-grid__product-image wp-block-woocommerce-product-image\">\n\t\t\t\t\t<a href=\"https:\/\/lickabistrica.com\/index.php\/product\/rakija-sljiva-0-5\/\" style=\"\" data-wp-on--click=\"woocommerce\/product-collection::actions.viewProduct\"> <img loading=\"lazy\" decoding=\"async\" width=\"300\" height=\"300\" src=\"https:\/\/lickabistrica.com\/wp-content\/uploads\/2025\/05\/Dizajn-boce-1-godinu-300x300.png\" class=\"attachment-woocommerce_thumbnail size-woocommerce_thumbnail\" alt=\"Li\u010dka bistrica - barrique 1 godina\" data-testid=\"product-image\" style=\"max-width:none;object-fit:cover;\" title=\"Dizajn boce  &#8211; 1 godinu\" \/><\/a>\n\t\t\t\t<\/div>\n\n<h3 style=\"margin-bottom:0.75rem;margin-top:0;\" class=\"has-text-align-center wp-block-post-title has-medium-font-size\"><a data-wp-on--click=\"woocommerce\/product-collection::actions.viewProduct\" href=\"https:\/\/lickabistrica.com\/index.php\/product\/rakija-sljiva-0-5\/\" target=\"_self\" >Li\u010dka bistrica &#8211; barrique 1 godina<\/a><\/h3>\n\n<div data-block-name=\"woocommerce\/product-price\" data-font-size=\"small\" data-is-descendent-of-query-loop=\"true\" data-text-align=\"center\" class=\"wp-block-woocommerce-product-price\"><div class=\"wc-block-components-product-price wc-block-grid__product-price has-text-align-center has-font-size has-small-font-size has-text-align-center\" style=\"\">\n\t\t\t\t\t<span class=\"woocommerce-Price-amount amount\"><bdi>30,00&nbsp;<span class=\"woocommerce-Price-currencySymbol\">&euro;<\/span><\/bdi><\/span>\n\t\t\t\t<\/div><\/div>\n\n<div data-block-name=\"woocommerce\/product-button\" data-font-size=\"small\" data-is-descendent-of-query-loop=\"true\" data-text-align=\"center\" class=\"wp-block-button wc-block-components-product-button   align-center wp-block-woocommerce-product-button has-small-font-size\"\n\t\t\t\t\t\n\t\t\t\t>\n\t\t\t\t\t<a\n\t\t\t\t\t\thref=\"https:\/\/lickabistrica.com\/index.php\/product\/rakija-sljiva-0-5\/\"\n\t\t\t\t\t\tclass=\"wp-block-button__link wp-element-button wc-block-components-product-button__button product_type_simple has-font-size has-small-font-size has-text-align-center wc-interactive\"\n\t\t\t\t\t\tstyle=\"\"\n\t\t\t\t\t\tdata-product_id=\"103\" data-product_sku=\"\" aria-label=\"Pro\u010ditaj vi\u0161e o &ldquo;Li\u010dka bistrica - barrique 1 godina&rdquo;\" rel=\"nofollow\"\n\t\t\t\t\t\tdata-wp-on--click=\"woocommerce\/product-collection::actions.viewProduct\"\n\t\t\t\t\t>\n\t\t\t\t\t<span >Pro\u010ditaj vi\u0161e<\/span>\n\t\t\t\t\t<\/a>\n\t\t\t\t\t\n\t\t\t\t<\/div>\n\t\t\t\t<\/li><li class=\"wc-block-product post-115 product type-product status-publish has-post-thumbnail product_cat-rakije  outofstock shipping-taxable purchasable product-type-simple\"\n\t\t\t\t\t\n\t\t\t\tdata-wp-interactive=\"woocommerce\/product-collection\"\n\t\t\t\tdata-wp-context='{\"productId\":115}'\n\t\t\t\tdata-wp-key=\"product-item-115\"\n\t\t\t\n\t\t\t\t>\n\t\t\t\t\t<div data-block-name=\"woocommerce\/product-image\" data-image-sizing=\"thumbnail\" data-is-descendent-of-query-loop=\"true\" class=\"wc-block-components-product-image wc-block-grid__product-image wp-block-woocommerce-product-image\">\n\t\t\t\t\t<a href=\"https:\/\/lickabistrica.com\/index.php\/product\/rakija-sljivovica-3-godine\/\" style=\"\" data-wp-on--click=\"woocommerce\/product-collection::actions.viewProduct\"> <img loading=\"lazy\" decoding=\"async\" width=\"300\" height=\"300\" src=\"https:\/\/lickabistrica.com\/wp-content\/uploads\/2025\/05\/Dizajn-boce-3-godine-300x300.png\" class=\"attachment-woocommerce_thumbnail size-woocommerce_thumbnail\" alt=\"Li\u010dka bistrica - barrique 3 godine\" data-testid=\"product-image\" style=\"max-width:none;object-fit:cover;\" title=\"Dizajn boce  &#8211; 3 godine\" \/><\/a>\n\t\t\t\t<\/div>\n\n<h3 style=\"margin-bottom:0.75rem;margin-top:0;\" class=\"has-text-align-center wp-block-post-title has-medium-font-size\"><a data-wp-on--click=\"woocommerce\/product-collection::actions.viewProduct\" href=\"https:\/\/lickabistrica.com\/index.php\/product\/rakija-sljivovica-3-godine\/\" target=\"_self\" >Li\u010dka bistrica &#8211; barrique 3 godine<\/a><\/h3>\n\n<div data-block-name=\"woocommerce\/product-price\" data-font-size=\"small\" data-is-descendent-of-query-loop=\"true\" data-text-align=\"center\" class=\"wp-block-woocommerce-product-price\"><div class=\"wc-block-components-product-price wc-block-grid__product-price has-text-align-center has-font-size has-small-font-size has-text-align-center\" style=\"\">\n\t\t\t\t\t<span class=\"woocommerce-Price-amount amount\"><bdi>40,00&nbsp;<span class=\"woocommerce-Price-currencySymbol\">&euro;<\/span><\/bdi><\/span>\n\t\t\t\t<\/div><\/div>\n\n<div data-block-name=\"woocommerce\/product-button\" data-font-size=\"small\" data-is-descendent-of-query-loop=\"true\" data-text-align=\"center\" class=\"wp-block-button wc-block-components-product-button   align-center wp-block-woocommerce-product-button has-small-font-size\"\n\t\t\t\t\t\n\t\t\t\t>\n\t\t\t\t\t<a\n\t\t\t\t\t\thref=\"https:\/\/lickabistrica.com\/index.php\/product\/rakija-sljivovica-3-godine\/\"\n\t\t\t\t\t\tclass=\"wp-block-button__link wp-element-button wc-block-components-product-button__button product_type_simple has-font-size has-small-font-size has-text-align-center wc-interactive\"\n\t\t\t\t\t\tstyle=\"\"\n\t\t\t\t\t\tdata-product_id=\"115\" data-product_sku=\"\" aria-label=\"Pro\u010ditaj vi\u0161e o &ldquo;Li\u010dka bistrica - barrique 3 godine&rdquo;\" rel=\"nofollow\"\n\t\t\t\t\t\tdata-wp-on--click=\"woocommerce\/product-collection::actions.viewProduct\"\n\t\t\t\t\t>\n\t\t\t\t\t<span >Pro\u010ditaj vi\u0161e<\/span>\n\t\t\t\t\t<\/a>\n\t\t\t\t\t\n\t\t\t\t<\/div>\n\t\t\t\t<\/li><li class=\"wc-block-product post-116 product type-product status-publish has-post-thumbnail product_cat-rakije  outofstock shipping-taxable purchasable product-type-simple\"\n\t\t\t\t\t\n\t\t\t\tdata-wp-interactive=\"woocommerce\/product-collection\"\n\t\t\t\tdata-wp-context='{\"productId\":116}'\n\t\t\t\tdata-wp-key=\"product-item-116\"\n\t\t\t\n\t\t\t\t>\n\t\t\t\t\t<div data-block-name=\"woocommerce\/product-image\" data-image-sizing=\"thumbnail\" data-is-descendent-of-query-loop=\"true\" class=\"wc-block-components-product-image wc-block-grid__product-image wp-block-woocommerce-product-image\">\n\t\t\t\t\t<a href=\"https:\/\/lickabistrica.com\/index.php\/product\/rakija-sljivovica-7-godine\/\" style=\"\" data-wp-on--click=\"woocommerce\/product-collection::actions.viewProduct\"> <img loading=\"lazy\" decoding=\"async\" width=\"300\" height=\"300\" src=\"https:\/\/lickabistrica.com\/wp-content\/uploads\/2025\/05\/Dizajn-boce-7-godina-300x300.png\" class=\"attachment-woocommerce_thumbnail size-woocommerce_thumbnail\" alt=\"Li\u010dka bistrica - barrique 7 godina\" data-testid=\"product-image\" style=\"max-width:none;object-fit:cover;\" title=\"Dizajn boce  &#8211; 7 godina\" srcset=\"https:\/\/lickabistrica.com\/wp-content\/uploads\/2025\/05\/Dizajn-boce-7-godina-300x300.png 300w, https:\/\/lickabistrica.com\/wp-content\/uploads\/2025\/05\/Dizajn-boce-7-godina-150x150.png 150w\" sizes=\"auto, (max-width: 300px) 100vw, 300px\" \/><\/a>\n\t\t\t\t<\/div>\n\n<h3 style=\"margin-bottom:0.75rem;margin-top:0;\" class=\"has-text-align-center wp-block-post-title has-medium-font-size\"><a data-wp-on--click=\"woocommerce\/product-collection::actions.viewProduct\" href=\"https:\/\/lickabistrica.com\/index.php\/product\/rakija-sljivovica-7-godine\/\" target=\"_self\" >Li\u010dka bistrica &#8211; barrique 7 godina<\/a><\/h3>\n\n<div data-block-name=\"woocommerce\/product-price\" data-font-size=\"small\" data-is-descendent-of-query-loop=\"true\" data-text-align=\"center\" class=\"wp-block-woocommerce-product-price\"><div class=\"wc-block-components-product-price wc-block-grid__product-price has-text-align-center has-font-size has-small-font-size has-text-align-center\" style=\"\">\n\t\t\t\t\t<span class=\"woocommerce-Price-amount amount\"><bdi>70,00&nbsp;<span class=\"woocommerce-Price-currencySymbol\">&euro;<\/span><\/bdi><\/span>\n\t\t\t\t<\/div><\/div>\n\n<div data-block-name=\"woocommerce\/product-button\" data-font-size=\"small\" data-is-descendent-of-query-loop=\"true\" data-text-align=\"center\" class=\"wp-block-button wc-block-components-product-button   align-center wp-block-woocommerce-product-button has-small-font-size\"\n\t\t\t\t\t\n\t\t\t\t>\n\t\t\t\t\t<a\n\t\t\t\t\t\thref=\"https:\/\/lickabistrica.com\/index.php\/product\/rakija-sljivovica-7-godine\/\"\n\t\t\t\t\t\tclass=\"wp-block-button__link wp-element-button wc-block-components-product-button__button product_type_simple has-font-size has-small-font-size has-text-align-center wc-interactive\"\n\t\t\t\t\t\tstyle=\"\"\n\t\t\t\t\t\tdata-product_id=\"116\" data-product_sku=\"\" aria-label=\"Pro\u010ditaj vi\u0161e o &ldquo;Li\u010dka bistrica - barrique 7 godina&rdquo;\" rel=\"nofollow\"\n\t\t\t\t\t\tdata-wp-on--click=\"woocommerce\/product-collection::actions.viewProduct\"\n\t\t\t\t\t>\n\t\t\t\t\t<span >Pro\u010ditaj vi\u0161e<\/span>\n\t\t\t\t\t<\/a>\n\t\t\t\t\t\n\t\t\t\t<\/div>\n\t\t\t\t<\/li><\/ul>\n\n<div style=\"height:33px\" aria-hidden=\"true\" class=\"wp-block-spacer\"><\/div>\n\n<\/div><p><\/p>","protected":false},"excerpt":{"rendered":"<p>Prema rije\u010dima na\u0161eg pokojnog djeda, prva rakija u na\u0161oj ku\u0107i ispe\u010dena je 1958. godine, na starom kazanu i stavljena na odle\u017eavanje u ba\u010dvu od 50 litara koju je sam izradio. \u0160ljive su bile iz starog obiteljskog vo\u0107njaka, za koji se vi\u0161e ni sam nije mogao sjetiti kada je posa\u0111en \u2013 a koji danas, na\u017ealost, vi\u0161e [&hellip;]<\/p>\n","protected":false},"author":1,"featured_media":0,"parent":0,"menu_order":0,"comment_status":"closed","ping_status":"closed","template":"page-no-title","meta":{"footnotes":""},"class_list":["post-152","page","type-page","status-publish","hentry"],"_links":{"self":[{"href":"https:\/\/lickabistrica.com\/index.php\/wp-json\/wp\/v2\/pages\/152","targetHints":{"allow":["GET"]}}],"collection":[{"href":"https:\/\/lickabistrica.com\/index.php\/wp-json\/wp\/v2\/pages"}],"about":[{"href":"https:\/\/lickabistrica.com\/index.php\/wp-json\/wp\/v2\/types\/page"}],"author":[{"embeddable":true,"href":"https:\/\/lickabistrica.com\/index.php\/wp-json\/wp\/v2\/users\/1"}],"replies":[{"embeddable":true,"href":"https:\/\/lickabistrica.com\/index.php\/wp-json\/wp\/v2\/comments?post=152"}],"version-history":[{"count":16,"href":"https:\/\/lickabistrica.com\/index.php\/wp-json\/wp\/v2\/pages\/152\/revisions"}],"predecessor-version":[{"id":229,"href":"https:\/\/lickabistrica.com\/index.php\/wp-json\/wp\/v2\/pages\/152\/revisions\/229"}],"wp:attachment":[{"href":"https:\/\/lickabistrica.com\/index.php\/wp-json\/wp\/v2\/media?parent=152"}],"curies":[{"name":"wp","href":"https:\/\/api.w.org\/{rel}","templated":true}]}}